{"id":2930,"date":"2020-04-02T20:40:34","date_gmt":"2020-04-02T20:40:34","guid":{"rendered":"https:\/\/www.acribiamilano.it\/?page_id=2930"},"modified":"2024-12-09T11:59:04","modified_gmt":"2024-12-09T11:59:04","slug":"privacy-policy","status":"publish","type":"page","link":"https:\/\/www.acribiamilano.it\/en\/privacy-policy\/","title":{"rendered":"Privacy Policy"},"content":{"rendered":"<div id=\"fws_69fb2a2004e18\"  data-column-margin=\"default\" data-midnight=\"dark\"  class=\"wpb_row vc_row-fluid vc_row\"  style=\"padding-top: 0px; padding-bottom: 0px; \"><div class=\"row-bg-wrap\" data-bg-animation=\"none\" data-bg-animation-delay=\"\" data-bg-overlay=\"false\"><div class=\"inner-wrap row-bg-layer\" ><div class=\"row-bg viewport-desktop\"  style=\"\"><\/div><\/div><\/div><div class=\"row_col_wrap_12 col span_12 dark left\">\n\t<div  class=\"vc_col-sm-12 wpb_column column_container vc_column_container col no-extra-padding inherit_tablet inherit_phone\"  data-padding-pos=\"all\" data-has-bg-color=\"false\" data-bg-color=\"\" data-bg-opacity=\"1\" data-animation=\"\" data-delay=\"0\" >\n\t\t<div class=\"vc_column-inner\" >\n\t\t\t<div class=\"wpb_wrapper\">\n\t\t\t\t\n<div class=\"wpb_text_column wpb_content_element\" >\n\t<div class=\"wpb_wrapper\">\n\t\t<h1>Privacy policy<\/h1>\n<h3><strong>Informativa sul trattamento dei dati personali (ex art.13 GDPR)<\/strong><\/h3>\n<p>Privacy Policy di\u00a0<strong>www.mimoska.it<br \/>\n<\/strong>Questa Applicazione raccoglie alcuni Dati Personali dei propri Utenti.<\/p>\n<p><strong>\u00a0<\/strong><\/p>\n<h3><strong>Titolare del Trattamento dei Dati<\/strong><\/h3>\n<p>MIMOSKA SRL<br \/>\nPiazza IV Novembre 2\/4<br \/>\n20010 San Giorgio su Legnano (Mi)<\/p>\n<p><strong>Indirizzo email del Titolare:<\/strong>\u00a0mimoska@legalmail.it<\/p>\n<p>In qualit\u00e0 di titolare del trattamento di dati personali, Mimoska srl \u00a0informa gli interessati che i dati personali saranno trattati nel rispetto dei principi di protezione stabiliti dal Regolamento UE n. 2016\/679 (GDPR).<\/p>\n<p>&nbsp;<\/p>\n<h3><strong>Finalit\u00e0 del Trattamento dei Dati raccolti<\/strong><\/h3>\n<p>I Dati personali dell\u2019interessato sono raccolti per consentire al Titolare di fornire i propri Servizi e\/o adempiere obblighi contrattuali.<\/p>\n<p>Pertanto il trattamento dei dati ha le seguenti finalit\u00e0:<\/p>\n<ul>\n<li>permettere di fruire dei Servizi eventualmente richiesti;<\/li>\n<li>processare una richiesta di contatto;<\/li>\n<li>adempiere obblighi di legge connessi a rapporti commerciali<\/li>\n<li>adempiere obblighi fiscali o contabili<\/li>\n<li>marketing (analisi statistiche e indagini di mercato)<\/li>\n<li>verifiche del grado di soddisfazione della clientela sui prodotti<\/li>\n<\/ul>\n<p>L\u2019eventuale rifiuto nel consentire il trattamento dei dati comporta l\u2019impossibilit\u00e0 di usufruire del servizio richiesto dall\u2019interessato.<\/p>\n<p>Solo previo specifico e distinto consenso, i dati personali sono utilizzati per le seguenti Altre Finalit\u00e0:<\/p>\n<ul>\n<li>inviare via e-mail Newsletter riguardanti promozioni e aggiornamenti commerciali, presentazioni di nuovi prodotti e soluzioni tecniche, inviti ad eventi e fiere a cui partecipa il Titolare.<\/li>\n<\/ul>\n<p>&nbsp;<\/p>\n<h3><strong>Dettagli sul trattamento dei Dati Personali<\/strong><\/h3>\n<p>I Dati Personali sono raccolti per le seguenti finalit\u00e0 ed utilizzando i seguenti servizi:<\/p>\n<p><strong>Gestione contatti e invio di messaggi<\/strong><\/p>\n<p>Questo tipo di servizi consente di gestire un database di contatti email, contatti telefonici o contatti di qualunque altro tipo, utilizzati per comunicare con l\u2019Utente.<\/p>\n<p>Questi servizi potrebbero inoltre consentire di raccogliere dati relativi alla data e all\u2019ora di visualizzazione dei messaggi da parte dell\u2019Utente, cos\u00ec come all\u2019interazione dell\u2019Utente con essi, come le informazioni sui click sui collegamenti inseriti nei messaggi. Il servizio si appoggia sulla stessa infrastruttura del sito web<\/p>\n<p><strong>Hosting ed infrastruttura backend<\/strong><\/p>\n<p>Questo tipo di servizi ha la funzione di ospitare dati e file che permettono a questa Applicazione di funzionare, ne consentono la distribuzione e mettono a disposizione un\u2019infrastruttura pronta all\u2019uso per erogare specifiche funzionalit\u00e0 di questa Applicazione.<\/p>\n<p>Alcuni di questi servizi funzionano attraverso server dislocati geograficamente in luoghi differenti, rendendo difficile la determinazione del luogo esatto in cui vengono conservati i Dati Personali.<\/p>\n<p><strong>Statistica<\/strong><\/p>\n<p>I servizi contenuti nella presente sezione permettono al Titolare del Trattamento di monitorare e analizzare i dati di traffico e servono a tener traccia del comportamento dell\u2019Utente.<\/p>\n<p><strong>Google Analytics (Google Inc.)<br \/>\n<\/strong>Google Analytics \u00e8 un servizio di analisi web fornito da Google Inc. (\u201cGoogle\u201d). Google utilizza i Dati Personali raccolti allo scopo di tracciare ed esaminare l\u2019utilizzo di questa Applicazione, compilare report e condividerli con gli altri servizi sviluppati da Google.<br \/>\nGoogle potrebbe utilizzare i Dati Personali per contestualizzare e personalizzare gli annunci del proprio network pubblicitario.<br \/>\nDati Personali raccolti: Cookie e Dati di Utilizzo.<br \/>\nLuogo del trattamento: USA \u2013\u00a0<a href=\"https:\/\/www.google.com\/intl\/it\/policies\/privacy\/\">Privacy Policy<\/a>\u00a0\u2013\u00a0<a href=\"https:\/\/tools.google.com\/dlpage\/gaoptout?hl=it\">Opt Out<\/a><\/p>\n<p>&nbsp;<\/p>\n<p><strong>Protezione dallo SPAM<br \/>\n<\/strong>Questo tipo di servizi analizza il traffico di questa Applicazione, potenzialmente contenente Dati Personali degli Utenti, al fine di filtrarlo da parti di traffico, messaggi e contenuti riconosciuti come SPAM.<\/p>\n<p><strong>Google reCAPTCHA (Google Inc.)<br \/>\n<\/strong>Google reCAPTCHA \u00e8 un servizio di protezione dallo SPAM fornito da Google Inc.<br \/>\nL\u2019utilizzo del sistema reCAPTCHA \u00e8 soggetto alla\u00a0<a href=\"https:\/\/www.google.com\/intl\/it\/policies\/privacy\/\">privacy policy<\/a>\u00a0e ai\u00a0<a href=\"https:\/\/www.google.com\/intl\/it\/policies\/terms\/\">termini di utilizzo<\/a>\u00a0di Google.<br \/>\nDati Personali raccolti: Cookie e Dati di Utilizzo.<br \/>\nLuogo del trattamento: USA \u2013\u00a0<a href=\"https:\/\/www.google.com\/intl\/it\/policies\/privacy\/\">Privacy Policy<\/a><\/p>\n<p><strong>Visualizzazione di contenuti da piattaforme esterne<\/strong><\/p>\n<p>Questo tipo di servizi permette di visualizzare contenuti ospitati su piattaforme esterne direttamente dalle pagine di questa Applicazione e di interagire con essi.<br \/>\nNel caso in cui sia installato un servizio di questo tipo, \u00e8 possibile che, anche nel caso gli Utenti non utilizzino il servizio, lo stesso raccolga dati di traffico relativi alle pagine in cui \u00e8 installato.<\/p>\n<p><strong>Google Fonts (Google Inc.)<br \/>\n<\/strong>Google Fonts \u00e8 un servizio di visualizzazione di stili di carattere gestito da Google Inc. che permette a questa Applicazione di integrare tali contenuti all\u2019interno delle proprie pagine.<br \/>\nDati Personali raccolti: Dati di Utilizzo e varie tipologie di Dati secondo quanto specificato dalla privacy policy del servizio.<br \/>\nLuogo del trattamento: USA \u2013\u00a0<a href=\"https:\/\/www.google.it\/intl\/policies\/privacy\/\">Privacy Policy<\/a><\/p>\n<p><strong>Widget Google Maps (Google Inc.)<br \/>\n<\/strong>Google Maps \u00e8 un servizio di visualizzazione di mappe gestito da Google Inc. che permette a questa Applicazione di integrare tali contenuti all\u2019interno delle proprie pagine.<br \/>\nDati Personali raccolti: Cookie e Dati di Utilizzo.<br \/>\nLuogo del trattamento: USA \u2013\u00a0<a href=\"https:\/\/www.google.it\/intl\/it\/policies\/privacy\/\">Privacy Policy<\/a><\/p>\n<p><strong>Widget YouTube (Google Inc.)<br \/>\n<\/strong>YouTube \u00e8 una piattaforma web che consente la condivisione e visualizzazione in rete di video (video sharing), gestita da Google Inc. che permette a questa Applicazione di integrare tali video all\u2019interno delle proprie pagine.<br \/>\nDati Personali raccolti: Cookie e Dati di Utilizzo.<br \/>\nLuogo del trattamento: USA \u2013\u00a0<a href=\"https:\/\/www.youtube.com\/t\/privacy_guidelines\">Privacy Policy<\/a><strong>\u00a0<\/strong><\/p>\n<p><strong>Ulteriori informazioni sui Dati Personali<\/strong><\/p>\n<p><strong>Cookie Policy<br \/>\n<\/strong>Questa Applicazione fa utilizzo di Cookie. Per saperne di pi\u00f9 e per un\u2019informativa dettagliata, puoi consultare la\u00a0<a href=\"http:\/\/www.mimoska.it\/cookie-policy\/\">Cookie Policy<\/a>.<\/p>\n<p><strong>\u00a0<\/strong><\/p>\n<h3>Ulteriori informazioni sul trattamento<\/h3>\n<h5><strong>Difesa in giudizio<\/strong><\/h5>\n<p>I Dati Personali dell\u2019Utente possono essere utilizzati da parte del Titolare in giudizio o nelle fasi propedeutiche alla sua eventuale instaurazione per la difesa da abusi nell\u2019utilizzo di questa Applicazione o dei servizi connessi da parte dell\u2019Utente.<br \/>\nL\u2019Utente dichiara di essere consapevole che al Titolare potrebbe essere richiesto di rivelare i Dati su richiesta delle pubbliche autorit\u00e0.<\/p>\n<h3><\/h3>\n<h5>Informative specifiche<\/h5>\n<p>Su richiesta dell\u2019Utente, in aggiunta alle informazioni contenute in questa privacy policy, questa Applicazione potrebbe fornire all\u2019Utente delle informative aggiuntive e contestuali riguardanti servizi specifici, o la raccolta ed il trattamento di Dati Personali.<\/p>\n<p>&nbsp;<\/p>\n<h5>Log di sistema e manutenzione<\/h5>\n<p>Per necessit\u00e0 legate al funzionamento ed alla manutenzione, questa Applicazione e gli eventuali servizi terzi da essa utilizzati potrebbero raccogliere Log di sistema, ossia file che registrano le interazioni e che possono contenere anche Dati Personali, quali l\u2019indirizzo IP Utente.<\/p>\n<h3><\/h3>\n<h5>Informazioni non contenute in questa policy<\/h5>\n<p>Maggiori informazioni in relazione al trattamento dei Dati Personali potranno essere richieste in qualsiasi momento al Titolare del Trattamento utilizzando le informazioni di contatto.<\/p>\n<p><strong>Modalit\u00e0 del trattamento<\/strong><\/p>\n<p>Il Titolare adotta le opportune misure di sicurezza volte ad impedire l\u2019accesso, la divulgazione, la modifica o la distruzione non autorizzate dei Dati Personali. Il trattamento viene effettuato mediante strumenti informatici e\/o telematici e\/o cartacei, con modalit\u00e0 organizzative e con logiche strettamente correlate alle finalit\u00e0.<\/p>\n<p><strong>Base Giuridica<br \/>\n<\/strong>Il conferimento dei dati \u00e8 obbligatorio per tutto quanto \u00e8 richiesto dagli obblighi legali e contrattuali e pertanto l\u2019eventuale rifiuto a fornirli in tutto o in parte pu\u00f2 dar luogo all\u2019impossibilit\u00e0 di fornire i servizi richiesti.<\/p>\n<p>La societ\u00e0 tratta i dati facoltativi degli utenti in base al consenso, ossia mediante l\u2019approvazione esplicita della presente policy privacy e in relazione alle modalit\u00e0 e finalit\u00e0 di seguito descritte.<\/p>\n<p><strong>Categorie di destinatari<\/strong><\/p>\n<p>Nella gestione dei dati, inoltre, possono venire a conoscenza degli stessi le seguenti categorie di persone autorizzate e\/o responsabili esterni individuati per iscritto ed ai quali sono state fornite specifiche istruzioni scritte circa il trattamento dei dati:<\/p>\n<ul>\n<li>personale dipendente autorizzato<\/li>\n<li>responsabili del trattamento esterni designati, che svolgono attivit\u00e0 di outsourcing per conto del Titolare (hosting provider, societ\u00e0 informatiche, agenzie di comunicazione). L\u2019elenco aggiornato degli incaricati interni e dei Responsabili esterni potr\u00e0 sempre essere richiesto al Titolare del Trattamento.<\/li>\n<\/ul>\n<p><strong>Comunicazione dei dati<\/strong><\/p>\n<p>Senza espresso consenso dell\u2019interessato, il Titolare potr\u00e0 comunicare i dati per le finalit\u00e0 di cui sopra a Organismi di vigilanza, Autorit\u00e0 giudiziarie nonch\u00e9 a tutti gli altri soggetti ai quali la comunicazione sia obbligatoria per legge per l\u2019espletamento delle finalit\u00e0 dette.<\/p>\n<p>I Vostri dati non saranno oggetto di diffusione.<\/p>\n<p><strong>Periodo di conservazione<\/strong><\/p>\n<p>I Dati sono trattati e conservati per il tempo richiesto dalle finalit\u00e0 per le quali sono stati raccolti:<\/p>\n<ul>\n<li>I dati obbligatori ai fini contrattuali e contabili sono conservati per il tempo necessario allo svolgimento del rapporto commerciale e contabile;<\/li>\n<li>I dati di chi non acquista o usufruisce di prodotti\/servizi, pur avendo avuto un precedente contatto con dei rappresentanti dell\u2019azienda, saranno immediatamente cancellati o trattati in forma anonima, ove la loro conservazione non risulti altrimenti giustificata, salvo che sia stato acquisito validamente il consenso informato degli interessati relativo ad una successiva attivit\u00e0 di promozione commerciale o ricerca di mercato. Il periodo di conservazione dei dati \u00e8: 10 anni dalla cessazione del rapporto<\/li>\n<\/ul>\n<p><strong>Diritti dell\u2019interessato<\/strong><\/p>\n<p>Ai sensi del Regolamento europeo 679\/2016 (GDPR) e della normativa nazionale, l\u2019interessato pu\u00f2, secondo le modalit\u00e0 e nei limiti previsti dalla vigente normativa, esercitare i seguenti diritti:<\/p>\n<ul>\n<li>richiedere la conferma dell\u2019esistenza di dati personali che lo riguardano (diritto di accesso);<\/li>\n<li>conoscerne l\u2019origine;<\/li>\n<li>riceverne comunicazione intelligibile;<\/li>\n<li>avere informazioni circa la logica, le modalit\u00e0 e le finalit\u00e0 del trattamento;<\/li>\n<li>richiederne l\u2019aggiornamento, la rettifica, l\u2019integrazione, la cancellazione, la trasformazione in forma anonima, il blocco dei dati trattati in violazione di legge, ivi compresi quelli non pi\u00f9 necessari al perseguimento degli scopi per i quali sono stati raccolti;<\/li>\n<li>nei casi di trattamento basato su consenso, ricevere i propri dati forniti al titolare, in forma strutturata e leggibile da un elaboratore di dati e in un formato comunemente usato da un dispositivo elettronico;<\/li>\n<li>il diritto di presentare un reclamo all\u2019Autorit\u00e0 di controllo.<\/li>\n<\/ul>\n<p><strong>Modalit\u00e0 di esercizio dei diritti<\/strong><\/p>\n<p>Potrete in qualsiasi momento esercitare i diritti inviando:<\/p>\n<ul>\n<li>una raccomandata a.r. alla Mimoska srl Piazza IV Novembre 2\/4 20010 San Giorgio su Legnano (Mi)<\/li>\n<li>una e-mail all\u2019indirizzo mimoska@legalmail.it<\/li>\n<\/ul>\n<p><strong>Modifiche alla presente Informativa<\/strong><\/p>\n<p>La presente Informativa pu\u00f2 subire variazioni. Si consiglia, quindi, di controllare regolarmente questa Informativa e di riferirsi alla versione pi\u00f9 aggiornata.<\/p>\n\t<\/div>\n<\/div>\n\n\n\n\n\t\t\t<\/div> \n\t\t<\/div>\n\t<\/div> \n<\/div><\/div>","protected":false},"excerpt":{"rendered":"Privacy policy Informativa sul trattamento dei dati personali (ex art.13 GDPR) Privacy Policy di\u00a0www.mimoska.it Questa Applicazione raccoglie alcuni Dati Personali dei propri Utenti. \u00a0 Titolare del Trattamento dei Dati MIMOSKA...","protected":false},"author":2,"featured_media":0,"parent":0,"menu_order":0,"comment_status":"closed","ping_status":"closed","template":"","meta":{"footnotes":""},"class_list":["post-2930","page","type-page","status-publish"],"_links":{"self":[{"href":"https:\/\/www.acribiamilano.it\/en\/wp-json\/wp\/v2\/pages\/2930","targetHints":{"allow":["GET"]}}],"collection":[{"href":"https:\/\/www.acribiamilano.it\/en\/wp-json\/wp\/v2\/pages"}],"about":[{"href":"https:\/\/www.acribiamilano.it\/en\/wp-json\/wp\/v2\/types\/page"}],"author":[{"embeddable":true,"href":"https:\/\/www.acribiamilano.it\/en\/wp-json\/wp\/v2\/users\/2"}],"replies":[{"embeddable":true,"href":"https:\/\/www.acribiamilano.it\/en\/wp-json\/wp\/v2\/comments?post=2930"}],"version-history":[{"count":8,"href":"https:\/\/www.acribiamilano.it\/en\/wp-json\/wp\/v2\/pages\/2930\/revisions"}],"predecessor-version":[{"id":7530,"href":"https:\/\/www.acribiamilano.it\/en\/wp-json\/wp\/v2\/pages\/2930\/revisions\/7530"}],"wp:attachment":[{"href":"https:\/\/www.acribiamilano.it\/en\/wp-json\/wp\/v2\/media?parent=2930"}],"curies":[{"name":"wp","href":"https:\/\/api.w.org\/{rel}","templated":true}]}}